{"id":94,"date":"2013-10-28T01:13:04","date_gmt":"2013-10-28T01:13:04","guid":{"rendered":"http:\/\/growingcoaching.com\/?page_id=94"},"modified":"2025-02-04T10:28:00","modified_gmt":"2025-02-04T09:28:00","slug":"sonia","status":"publish","type":"page","link":"https:\/\/growingcoaching.com\/?page_id=94","title":{"rendered":"Sonia Ortiz"},"content":{"rendered":"<h4><strong>S\u00f2nia Ortiz Guarch<a href=\"http:\/\/growingcoaching.com\/wp-content\/uploads\/2025\/02\/3T7A7381-scaled.jpg\"><img decoding=\"async\" loading=\"lazy\" class=\"size-medium wp-image-700 aligncenter\" src=\"http:\/\/growingcoaching.com\/wp-content\/uploads\/2025\/02\/3T7A7381-200x300.jpg\" alt=\"\" width=\"200\" height=\"300\" srcset=\"https:\/\/growingcoaching.com\/wp-content\/uploads\/2025\/02\/3T7A7381-200x300.jpg 200w, https:\/\/growingcoaching.com\/wp-content\/uploads\/2025\/02\/3T7A7381-683x1024.jpg 683w, https:\/\/growingcoaching.com\/wp-content\/uploads\/2025\/02\/3T7A7381-768x1152.jpg 768w, https:\/\/growingcoaching.com\/wp-content\/uploads\/2025\/02\/3T7A7381-1024x1536.jpg 1024w, https:\/\/growingcoaching.com\/wp-content\/uploads\/2025\/02\/3T7A7381-1365x2048.jpg 1365w, https:\/\/growingcoaching.com\/wp-content\/uploads\/2025\/02\/3T7A7381-624x936.jpg 624w, https:\/\/growingcoaching.com\/wp-content\/uploads\/2025\/02\/3T7A7381-scaled.jpg 1707w\" sizes=\"(max-width: 200px) 100vw, 200px\" \/><\/a><\/strong><\/h4>\n<h5><strong>Especialista en el liderazgo y la transformaci\u00f3n de equipos y organizaciones.<\/strong><\/h5>\n<p>Profesional comprometida con el desarrollo personal y de las organizaciones, con amplia experiencia internacional. Soy una persona vers\u00e1til que ayuda a generar un espacio seguro donde se pueden mantener <strong>conversaciones dif\u00edciles<\/strong>. Especialista en liderazgo, relaciones, trabajo en equipo y gesti\u00f3n intencional del cambio.<\/p>\n<h4><strong>Experiencia Profesional<\/strong><\/h4>\n<p>En una primera etapa pas\u00e9 m\u00e1s de 20 a\u00f1os en <strong>entornos corporativos internacionales <\/strong>tanto en industria qu\u00edmica como farmac\u00e9utica. He sido l\u00edder en diferentes \u00e1reas: miembro del EMEA Ledearship Forum, direcci\u00f3n de planta, operaciones, finanzas y recursos humanos. Mi liderazgo se caracteriza por alinear a las personas hacia una visi\u00f3n com\u00fan.<\/p>\n<p>Durante esta etapa aprend\u00ed que <strong>un equipo motivado y alineado es capaz de conseguir cualquier cosa<\/strong>.<\/p>\n<p>En 2012 dej\u00e9 el liderazgo corporativo para iniciar un nuevo proyecto personal y empresarial en EEUU.\u00a0Desde entonces me he enfocado\u00a0en el desarrollo del <strong>liderazgo individual y colectivo<\/strong>.<\/p>\n<p>Trabajo con L\u00edderes que se enfrentan a nuevos retos, a construir relaciones de equipo y a liderar el cambio. He trabajado para\u00a0la industria qu\u00edmica, farmac\u00e9utica, del autom\u00f3vil, tecnolog\u00eda, ocio y\u00a0alimentaci\u00f3n, sector servicios, as\u00ed como universidades y organizaciones sin \u00e1nimo de lucro.<\/p>\n<p>Disfruto dando apoyo al <strong>cambio sostenible<\/strong> con una visi\u00f3n sist\u00e9mica e integral, no s\u00f3lo enfocada al comportamiento, sino al cambio de mentalidad y al entorno para generar un impacto positivo a largo plazo.<\/p>\n<h4><strong>Formaci\u00f3n<\/strong><\/h4>\n<ul>\n<li>MBA Internacional\u00a0por La Salle y Manhattan College<\/li>\n<li>Ciencias Empresariales<\/li>\n<li>ORSCC: Coach certificada en Coaching de Sistemas Organizacionales y Relacionales (ORSC\u2122)<\/li>\n<li>CPCC- Coach certificada en Coaching Co-Active\u00ae por CTI<\/li>\n<li>Consultora Certificada de The Leadership Circle\u00ae<\/li>\n<li>Certificada en Leadership System\u2122 por The Leadership Circle\u00ae<\/li>\n<li>Facilitadora Autorizada de Team Coaching Diagnostic Tools<\/li>\n<li>Co-Active Leadership\u00a0por CTI<\/li>\n<li>Generative Coaching<\/li>\n<li>Relational Skills of Emotional Intelligence (D. Goleman), Key Step Media<\/li>\n<li>Clinical EFT Certified Practitioner<\/li>\n<li>Otras t\u00e9cnicas como OneBrain\u00ae, Touch for Health, Psych-K\u00ae, Brain Gym\u00ae, Emotional Agility for Wellbeing at Work, Integral Facilitation, Embodied Transformation.<\/li>\n<\/ul>\n<p><strong>Hablo Catal\u00e1n, Castellano, Ingl\u00e9s y Franc\u00e9s<\/strong><\/p>\n<p><strong><em>\u00a0<\/em><\/strong><\/p>\n","protected":false},"excerpt":{"rendered":"<p>S\u00f2nia Ortiz Guarch Especialista en el liderazgo y la transformaci\u00f3n de equipos y organizaciones. Profesional comprometida con el desarrollo personal y de las organizaciones, con amplia experiencia internacional. Soy una persona vers\u00e1til que ayuda a generar un espacio seguro donde se pueden mantener conversaciones dif\u00edciles. Especialista en liderazgo, relaciones, trabajo en equipo y gesti\u00f3n intencional [&hellip;]<\/p>\n","protected":false},"author":3,"featured_media":0,"parent":92,"menu_order":0,"comment_status":"open","ping_status":"open","template":"","meta":[],"_links":{"self":[{"href":"https:\/\/growingcoaching.com\/index.php?rest_route=\/wp\/v2\/pages\/94"}],"collection":[{"href":"https:\/\/growingcoaching.com\/index.php?rest_route=\/wp\/v2\/pages"}],"about":[{"href":"https:\/\/growingcoaching.com\/index.php?rest_route=\/wp\/v2\/types\/page"}],"author":[{"embeddable":true,"href":"https:\/\/growingcoaching.com\/index.php?rest_route=\/wp\/v2\/users\/3"}],"replies":[{"embeddable":true,"href":"https:\/\/growingcoaching.com\/index.php?rest_route=%2Fwp%2Fv2%2Fcomments&post=94"}],"version-history":[{"count":18,"href":"https:\/\/growingcoaching.com\/index.php?rest_route=\/wp\/v2\/pages\/94\/revisions"}],"predecessor-version":[{"id":714,"href":"https:\/\/growingcoaching.com\/index.php?rest_route=\/wp\/v2\/pages\/94\/revisions\/714"}],"up":[{"embeddable":true,"href":"https:\/\/growingcoaching.com\/index.php?rest_route=\/wp\/v2\/pages\/92"}],"wp:attachment":[{"href":"https:\/\/growingcoaching.com\/index.php?rest_route=%2Fwp%2Fv2%2Fmedia&parent=94"}],"curies":[{"name":"wp","href":"https:\/\/api.w.org\/{rel}","templated":true}]}}